{"id":9189,"date":"2022-10-26T16:35:34","date_gmt":"2022-10-26T14:35:34","guid":{"rendered":"https:\/\/livingtree.ch\/product\/hide-table-de-salon\/"},"modified":"2025-05-22T18:44:48","modified_gmt":"2025-05-22T16:44:48","slug":"hide-table-de-salon","status":"publish","type":"product","link":"https:\/\/livingtree.ch\/fr\/produit\/hide-table-de-salon\/","title":{"rendered":"Hide Table de salon"},"content":{"rendered":"<h4>Prix : CHF 1&rsquo;210<\/h4>\n<p><strong>Showroom-Sale<\/strong>, 60% de r\u00e9duction jusqu&rsquo;\u00e0 \u00e9puisement des stocks :<br \/>\nDesk Hide (110x50xh75cm) Cuir : <strong>CHF 484<\/strong> au lieu de CHF 1&rsquo;210<br \/>\n<em>Excl. Livraison, enl\u00e8vement \u00e0 Schlieren.<\/em> <\/p>\n<p>Heerenhuis a commenc\u00e9 il y a 30 ans \u00e0 Anvers en tant qu&rsquo;antiquaire sp\u00e9cialis\u00e9 dans les grandes tables. Une dizaine d&rsquo;ann\u00e9es plus tard, l&rsquo;entreprise s&rsquo;est mise \u00e0 produire elle-m\u00eame des meubles, principalement des tables.<\/p>\n<p>Ceux-ci se distinguent par un design simple et rectiligne et une qualit\u00e9 exceptionnelle. Ainsi, seuls des mat\u00e9riaux naturels sont utilis\u00e9s, comme le ch\u00eane fran\u00e7ais massif avec des n\u0153uds, l&rsquo;acier non rev\u00eatu ou le cuir tann\u00e9 \u00e0 base de plantes. Le traitement de surface est \u00e9galement simple, mais efficace. L&rsquo;huile, la cire ou le vernis appliqu\u00e9 \u00e0 la main permettent d&rsquo;affiner les travaux de menuiserie.<\/p>\n<p>Le succ\u00e8s donne raison \u00e0 l&rsquo;id\u00e9e de durabilit\u00e9 de Heerenhuis : plus les tables de Heerenhuis sont utilis\u00e9es, plus elles s&#8217;embellissent.<\/p>\n<p>Le bureau en cuir Hide de Heerenhuis a un plateau en cuir tann\u00e9 \u00e0 base de plantes, ins\u00e9r\u00e9 dans un pi\u00e8tement en acier. Le tiroir peut \u00eatre utilis\u00e9 \u00e0 gauche ou \u00e0 droite, selon le c\u00f4t\u00e9 sur lequel il est plac\u00e9.<\/p>\n","protected":false},"excerpt":{"rendered":"<p><span style=\"font-family: -apple-system, system-ui, BlinkMacSystemFont, 'Segoe UI', Helvetica, Arial, sans-serif, 'Apple Color Emoji', 'Segoe UI Emoji', 'Segoe UI Symbol'; font-size: inherit;\">Plateau de bureau en cuir \u00e0 tannage v\u00e9g\u00e9tal ins\u00e9r\u00e9 dans une structure en acier. Le tiroir peut \u00eatre utilis\u00e9 \u00e0 gauche ou \u00e0 droite.<\/span><\/p>\n","protected":false},"featured_media":14346,"comment_status":"closed","ping_status":"closed","template":"","meta":{"_acf_changed":false,"wds_primary_product_brand":0,"wds_primary_product_cat":0},"product_brand":[],"product_cat":[1053,1070,1081],"product_tag":[1095,1132,1121,1119,1210],"class_list":{"0":"post-9189","1":"product","2":"type-product","3":"status-publish","4":"has-post-thumbnail","6":"product_cat-heerenhuis-fr","7":"product_cat-meubles","8":"product_cat-tables-fr","9":"product_tag-gueridon","10":"product_tag-heerenhuis-fr","11":"product_tag-table-basse","12":"product_tag-table-de-club","13":"product_tag-table-de-salon","14":"sales-flash-overlay","15":"woocommerce-text-align-center","16":"woocommerce-image-align-center","17":"do-quantity-buttons","18":"wc-has-gallery","20":"first","21":"in_stock_supplier","22":"taxable","23":"shipping-taxable","24":"purchasable","25":"product-type-simple"},"acf":[],"_links":{"self":[{"href":"https:\/\/livingtree.ch\/fr\/wp-json\/wp\/v2\/product\/9189","targetHints":{"allow":["GET"]}}],"collection":[{"href":"https:\/\/livingtree.ch\/fr\/wp-json\/wp\/v2\/product"}],"about":[{"href":"https:\/\/livingtree.ch\/fr\/wp-json\/wp\/v2\/types\/product"}],"replies":[{"embeddable":true,"href":"https:\/\/livingtree.ch\/fr\/wp-json\/wp\/v2\/comments?post=9189"}],"wp:featuredmedia":[{"embeddable":true,"href":"https:\/\/livingtree.ch\/fr\/wp-json\/wp\/v2\/media\/14346"}],"wp:attachment":[{"href":"https:\/\/livingtree.ch\/fr\/wp-json\/wp\/v2\/media?parent=9189"}],"wp:term":[{"taxonomy":"product_brand","embeddable":true,"href":"https:\/\/livingtree.ch\/fr\/wp-json\/wp\/v2\/product_brand?post=9189"},{"taxonomy":"product_cat","embeddable":true,"href":"https:\/\/livingtree.ch\/fr\/wp-json\/wp\/v2\/product_cat?post=9189"},{"taxonomy":"product_tag","embeddable":true,"href":"https:\/\/livingtree.ch\/fr\/wp-json\/wp\/v2\/product_tag?post=9189"}],"curies":[{"name":"wp","href":"https:\/\/api.w.org\/{rel}","templated":true}]}}