{"id":14993,"date":"2023-11-21T14:59:06","date_gmt":"2023-11-21T13:59:06","guid":{"rendered":"https:\/\/livingtree.ch\/?post_type=product&#038;p=14993"},"modified":"2023-11-21T23:02:35","modified_gmt":"2023-11-21T22:02:35","slug":"bougies-manisantes","status":"publish","type":"product","link":"https:\/\/livingtree.ch\/fr\/produit\/bougies-manisantes\/","title":{"rendered":"Bougies manisantes"},"content":{"rendered":"<h4>Prix : CHF 49<\/h4>\n<p>Plongez dans l&rsquo;univers des bougies parfum\u00e9es Manisante fabriqu\u00e9es \u00e0 la main, chaque exemplaire \u00e9tant moul\u00e9 \u00e0 partir de cire 100% v\u00e9g\u00e9tale et pr\u00e9sent\u00e9 dans un gobelet en verre avec une m\u00e8che en coton.<\/p>\n<p>Toutes les bougies utilisent une formule de cire v\u00e9g\u00e9tale v\u00e9g\u00e9talienne et n&rsquo;ont pas \u00e9t\u00e9 test\u00e9es sur les animaux. L&#8217;emballage sans plastique est con\u00e7u dans le respect de l&rsquo;environnement.<\/p>\n<p>Choisissez votre parfum pr\u00e9f\u00e9r\u00e9 et d\u00e9couvrez l&rsquo;atmosph\u00e8re incomparable que ces bougies artisanales de qualit\u00e9 sup\u00e9rieure apportent \u00e0 votre int\u00e9rieur.<\/p>\n","protected":false},"excerpt":{"rendered":"<p>D\u00e9couvrez les bougies parfum\u00e9es artisanales de Manisante aux ar\u00f4mes exquis comme la feuille de figuier, le g\u00e9ranium ou le v\u00e9tiver de Java. Fabriqu\u00e9 \u00e0 partir de cire 100% v\u00e9g\u00e9tale, v\u00e9g\u00e9talienne et non test\u00e9e sur les animaux &#8211; pour une atmosph\u00e8re luxueuse avec un plaisir respectueux de l&rsquo;environnement.<\/p>\n","protected":false},"featured_media":15011,"comment_status":"closed","ping_status":"closed","template":"","meta":{"_acf_changed":false,"wds_primary_product_brand":0,"wds_primary_product_cat":0},"product_brand":[],"product_cat":[1060,1064,1068,2157],"product_tag":[],"class_list":{"0":"post-14993","1":"product","2":"type-product","3":"status-publish","4":"has-post-thumbnail","6":"product_cat-accessoires-fr","7":"product_cat-cadeaux","8":"product_cat-lumiere","9":"product_cat-manisante-fr","10":"sales-flash-overlay","11":"woocommerce-text-align-center","12":"woocommerce-image-align-center","13":"do-quantity-buttons","14":"wc-has-gallery","16":"first","17":"instock","18":"taxable","19":"shipping-taxable","20":"purchasable","21":"product-type-variable"},"acf":[],"_links":{"self":[{"href":"https:\/\/livingtree.ch\/fr\/wp-json\/wp\/v2\/product\/14993","targetHints":{"allow":["GET"]}}],"collection":[{"href":"https:\/\/livingtree.ch\/fr\/wp-json\/wp\/v2\/product"}],"about":[{"href":"https:\/\/livingtree.ch\/fr\/wp-json\/wp\/v2\/types\/product"}],"replies":[{"embeddable":true,"href":"https:\/\/livingtree.ch\/fr\/wp-json\/wp\/v2\/comments?post=14993"}],"wp:featuredmedia":[{"embeddable":true,"href":"https:\/\/livingtree.ch\/fr\/wp-json\/wp\/v2\/media\/15011"}],"wp:attachment":[{"href":"https:\/\/livingtree.ch\/fr\/wp-json\/wp\/v2\/media?parent=14993"}],"wp:term":[{"taxonomy":"product_brand","embeddable":true,"href":"https:\/\/livingtree.ch\/fr\/wp-json\/wp\/v2\/product_brand?post=14993"},{"taxonomy":"product_cat","embeddable":true,"href":"https:\/\/livingtree.ch\/fr\/wp-json\/wp\/v2\/product_cat?post=14993"},{"taxonomy":"product_tag","embeddable":true,"href":"https:\/\/livingtree.ch\/fr\/wp-json\/wp\/v2\/product_tag?post=14993"}],"curies":[{"name":"wp","href":"https:\/\/api.w.org\/{rel}","templated":true}]}}