{"id":14963,"date":"2023-10-24T18:16:32","date_gmt":"2023-10-24T16:16:32","guid":{"rendered":"https:\/\/livingtree.ch\/?post_type=product&p=14963"},"modified":"2023-10-24T18:16:32","modified_gmt":"2023-10-24T16:16:32","slug":"shampooing-manisante","status":"publish","type":"product","link":"https:\/\/livingtree.ch\/fr\/produit\/shampooing-manisante\/","title":{"rendered":"Shampooing Manisante"},"content":{"rendered":"<h4>Prix : CHF 33<\/h4>\n<p>D\u00e9couvrez le shampooing de Manisante, qui nettoie en profondeur gr\u00e2ce \u00e0 des ingr\u00e9dients v\u00e9g\u00e9taux, apporte brillance et volume, et laisse un d\u00e9licieux parfum compos\u00e9 de notes de oud, de cuir, de c\u00e8dre, de tabac et d&rsquo;ambre gris. Convient \u00e0 tous les types de cheveux et est id\u00e9al pour une utilisation quotidienne. Appliquez une petite quantit\u00e9 directement sur vos cheveux ou dans la paume de votre main, massez d\u00e9licatement votre cuir chevelu et rincez abondamment.<\/p>\n<p>Notre formule naturelle v\u00e9g\u00e9talienne ne contient pas de parab\u00e8nes, de silicones ou de colorants et n&rsquo;a pas \u00e9t\u00e9 test\u00e9e sur les animaux. L&#8217;emballage respectueux de l&rsquo;environnement est recyclable et durable. Prenez soin de vos cheveux avec ce shampooing de qualit\u00e9 sup\u00e9rieure qui leur apporte fra\u00eecheur, brillance, volume et un parfum all\u00e9chant, tout en respectant l&rsquo;environnement.<\/p>\n","protected":false},"excerpt":{"rendered":"<p>D\u00e9couvrez le shampooing Manisantes, qui nettoie en profondeur gr\u00e2ce \u00e0 des ingr\u00e9dients v\u00e9g\u00e9taux, apporte brillance et volume, et laisse un parfum envo\u00fbtant de oud, de cuir, de c\u00e8dre, de tabac et d&rsquo;ambre gris. Id\u00e9al pour tous les types de cheveux et parfait pour une utilisation quotidienne.<\/p>\n","protected":false},"featured_media":13413,"comment_status":"closed","ping_status":"closed","template":"","meta":{"_acf_changed":false,"wds_primary_product_brand":0,"wds_primary_product_cat":0},"product_brand":[],"product_cat":[1060,1064,2157],"product_tag":[],"class_list":{"0":"post-14963","1":"product","2":"type-product","3":"status-publish","4":"has-post-thumbnail","6":"product_cat-accessoires-fr","7":"product_cat-cadeaux","8":"product_cat-manisante-fr","9":"sales-flash-overlay","10":"woocommerce-text-align-center","11":"woocommerce-image-align-center","12":"do-quantity-buttons","14":"first","15":"instock","16":"taxable","17":"shipping-taxable","18":"purchasable","19":"product-type-simple"},"acf":[],"_links":{"self":[{"href":"https:\/\/livingtree.ch\/fr\/wp-json\/wp\/v2\/product\/14963","targetHints":{"allow":["GET"]}}],"collection":[{"href":"https:\/\/livingtree.ch\/fr\/wp-json\/wp\/v2\/product"}],"about":[{"href":"https:\/\/livingtree.ch\/fr\/wp-json\/wp\/v2\/types\/product"}],"replies":[{"embeddable":true,"href":"https:\/\/livingtree.ch\/fr\/wp-json\/wp\/v2\/comments?post=14963"}],"wp:featuredmedia":[{"embeddable":true,"href":"https:\/\/livingtree.ch\/fr\/wp-json\/wp\/v2\/media\/13413"}],"wp:attachment":[{"href":"https:\/\/livingtree.ch\/fr\/wp-json\/wp\/v2\/media?parent=14963"}],"wp:term":[{"taxonomy":"product_brand","embeddable":true,"href":"https:\/\/livingtree.ch\/fr\/wp-json\/wp\/v2\/product_brand?post=14963"},{"taxonomy":"product_cat","embeddable":true,"href":"https:\/\/livingtree.ch\/fr\/wp-json\/wp\/v2\/product_cat?post=14963"},{"taxonomy":"product_tag","embeddable":true,"href":"https:\/\/livingtree.ch\/fr\/wp-json\/wp\/v2\/product_tag?post=14963"}],"curies":[{"name":"wp","href":"https:\/\/api.w.org\/{rel}","templated":true}]}}